{"id":240,"date":"2019-03-27T09:24:43","date_gmt":"2019-03-27T09:24:43","guid":{"rendered":"https:\/\/pdusbook.com\/?page_id=240"},"modified":"2021-03-29T14:43:09","modified_gmt":"2021-03-29T14:43:09","slug":"editorial","status":"publish","type":"page","link":"https:\/\/pdusbook.com\/?page_id=240","title":{"rendered":"EDITORIAL"},"content":{"rendered":"<p>[et_pb_section bb_built=&#8221;1&#8243; fullwidth=&#8221;on&#8221; _builder_version=&#8221;3.0.47&#8243;][et_pb_fullwidth_slider _builder_version=&#8221;3.0.82&#8243; header_font=&#8221;|on|||&#8221; use_background_color_gradient=&#8221;on&#8221; background_color_gradient_start=&#8221;#29c4a9&#8243; background_color_gradient_end=&#8221;#2b87da&#8221; custom_margin=&#8221;|||&#8221; custom_padding=&#8221;60px||60px|&#8221;]<\/p>\n<p>[et_pb_slide heading=&#8221;EDITORIAL&#8221; use_bg_overlay=&#8221;off&#8221; use_text_overlay=&#8221;off&#8221; _builder_version=&#8221;3.0.82&#8243; header_font=&#8221;||||&#8221; header_text_align=&#8221;left&#8221; body_font=&#8221;||||&#8221; use_background_color_gradient=&#8221;on&#8221; background_color_gradient_start=&#8221;#000000&#8243; background_color_gradient_end=&#8221;#000000&#8243; text_orientation=&#8221;left&#8221; custom_button=&#8221;off&#8221; button_icon_placement=&#8221;right&#8221; button_on_hover=&#8221;on&#8221;][\/et_pb_slide]<\/p>\n<p>[\/et_pb_fullwidth_slider][\/et_pb_section][et_pb_section bb_built=&#8221;1&#8243; _builder_version=&#8221;3.0.47&#8243;][et_pb_row _builder_version=&#8221;3.0.47&#8243; background_size=&#8221;initial&#8221; background_position=&#8221;top_left&#8221; background_repeat=&#8221;repeat&#8221; _i=&#8221;0&#8243; _address=&#8221;1.0&#8243;][et_pb_column type=&#8221;4_4&#8243;][et_pb_text _builder_version=&#8221;3.0.82&#8243; custom_padding=&#8221;|125px||125px&#8221; background_layout=&#8221;light&#8221; border_style=&#8221;solid&#8221; box_shadow_position=&#8221;outer&#8221;]<\/p>\n<p style=\"text-align: justify;\">Hace unos meses, y para alegr\u00eda de muchos, sal\u00eda al mercado una publicaci\u00f3n llamada Love, con una tirada de 300.000 ejemplares y apoyada en una brutal campa\u00f1a publicitaria. Yo pensaba que el mercado del coraz\u00f3n, aunque a mi me gusta llamarle de la casquer\u00eda, estaba m\u00e1s que saturado\u2026 me equivocaba.<\/p>\n<p style=\"text-align: justify;\">Los editores y productores de este tipo de productos (TV, revistas, radio\u2026) han defendido que ellos ofertan lo que el p\u00fablico demanda y, por sus resultados, deben de tener raz\u00f3n. Lo que supondr\u00eda, lamentablemente, que estamos, o seguimos estando, en un pa\u00eds de pandereta.<\/p>\n<p style=\"text-align: justify;\">USBOOK se mueve en otro campo, como m\u00ednimo distinto, pero las estanter\u00edas y stands de los kioskos, librer\u00edas y centros comerciales tienen su espacio limitado, y sus due\u00f1os, l\u00f3gicamente, velan por la rentabilidad de sus negocios. Al final, algunos libros, que s\u00f3lo se plantea sobrevivir, quedan apartados de la vista de los posibles lectores o, peor a\u00fan, ni siquiera son desembaladas.<\/p>\n<p style=\"text-align: justify;\">Las panderetas de este pa\u00eds siempre sonar\u00e1n mejor si son acompa\u00f1adas de un buen relato o poema que de un polvo o ruptura del \u00faltimo famoso de turno. La editorialUSBOOK es\u00a0s\u00f3lo es un ejemplo de que este pa\u00eds tambi\u00e9n puede editar y consumir otro tipo de lectura.<\/p>\n<p><strong>Javier Sanz<\/strong><\/p>\n<p>Puedes contactar con nosotros en: <a title=\"CONTACTO\" href=\"mailto: fgori@pdusbook.com\" target=\"_blank\" rel=\"noopener noreferrer\">CONTACTO<\/a><\/p>\n<p>Puedes ver nuestras publicaciones en: <a title=\"CAT\u00c1LOGO\" href=\"https:\/\/pdusbook.com\/?post_type=product\" target=\"_blank\" rel=\"noopener noreferrer\">CAT\u00c1LOGO<\/a><\/p>\n<p>[\/et_pb_text][\/et_pb_column][\/et_pb_row][\/et_pb_section]<\/p>\n","protected":false},"excerpt":{"rendered":"<p>[et_pb_section bb_built=&#8221;1&#8243; fullwidth=&#8221;on&#8221; _builder_version=&#8221;3.0.47&#8243;][et_pb_fullwidth_slider _builder_version=&#8221;3.0.82&#8243; header_font=&#8221;|on|||&#8221; use_background_color_gradient=&#8221;on&#8221; background_color_gradient_start=&#8221;#29c4a9&#8243; background_color_gradient_end=&#8221;#2b87da&#8221; custom_margin=&#8221;|||&#8221; custom_padding=&#8221;60px||60px|&#8221;] [et_pb_slide heading=&#8221;EDITORIAL&#8221; use_bg_overlay=&#8221;off&#8221; use_text_overlay=&#8221;off&#8221; _builder_version=&#8221;3.0.82&#8243; header_font=&#8221;||||&#8221; header_text_align=&#8221;left&#8221; body_font=&#8221;||||&#8221; use_background_color_gradient=&#8221;on&#8221; background_color_gradient_start=&#8221;#000000&#8243; background_color_gradient_end=&#8221;#000000&#8243; text_orientation=&#8221;left&#8221; custom_button=&#8221;off&#8221; button_icon_placement=&#8221;right&#8221; button_on_hover=&#8221;on&#8221;][\/et_pb_slide] [\/et_pb_fullwidth_slider][\/et_pb_section][et_pb_section bb_built=&#8221;1&#8243; _builder_version=&#8221;3.0.47&#8243;][et_pb_row _builder_version=&#8221;3.0.47&#8243; background_size=&#8221;initial&#8221; background_position=&#8221;top_left&#8221; background_repeat=&#8221;repeat&#8221; _i=&#8221;0&#8243; _address=&#8221;1.0&#8243;][et_pb_column type=&#8221;4_4&#8243;][et_pb_text _builder_version=&#8221;3.0.82&#8243; custom_padding=&#8221;|125px||125px&#8221; background_layout=&#8221;light&#8221; border_style=&#8221;solid&#8221; box_shadow_position=&#8221;outer&#8221;] Hace unos meses, y para alegr\u00eda de muchos, sal\u00eda al mercado una publicaci\u00f3n llamada [&hellip;]<\/p>\n","protected":false},"author":2,"featured_media":0,"parent":0,"menu_order":0,"comment_status":"closed","ping_status":"closed","template":"","meta":[],"_links":{"self":[{"href":"https:\/\/pdusbook.com\/index.php?rest_route=\/wp\/v2\/pages\/240"}],"collection":[{"href":"https:\/\/pdusbook.com\/index.php?rest_route=\/wp\/v2\/pages"}],"about":[{"href":"https:\/\/pdusbook.com\/index.php?rest_route=\/wp\/v2\/types\/page"}],"author":[{"embeddable":true,"href":"https:\/\/pdusbook.com\/index.php?rest_route=\/wp\/v2\/users\/2"}],"replies":[{"embeddable":true,"href":"https:\/\/pdusbook.com\/index.php?rest_route=%2Fwp%2Fv2%2Fcomments&post=240"}],"version-history":[{"count":10,"href":"https:\/\/pdusbook.com\/index.php?rest_route=\/wp\/v2\/pages\/240\/revisions"}],"predecessor-version":[{"id":357,"href":"https:\/\/pdusbook.com\/index.php?rest_route=\/wp\/v2\/pages\/240\/revisions\/357"}],"wp:attachment":[{"href":"https:\/\/pdusbook.com\/index.php?rest_route=%2Fwp%2Fv2%2Fmedia&parent=240"}],"curies":[{"name":"wp","href":"https:\/\/api.w.org\/{rel}","templated":true}]}}