{"id":253,"date":"2019-03-27T09:50:56","date_gmt":"2019-03-27T09:50:56","guid":{"rendered":"https:\/\/pdusbook.com\/?page_id=253"},"modified":"2022-09-14T09:48:17","modified_gmt":"2022-09-14T09:48:17","slug":"contacto","status":"publish","type":"page","link":"https:\/\/pdusbook.com\/?page_id=253","title":{"rendered":"CONTACTO"},"content":{"rendered":"<p>[et_pb_section fb_built=&#8221;1&#8243; fullwidth=&#8221;on&#8221; _builder_version=&#8221;3.0.47&#8243;][et_pb_fullwidth_slider _builder_version=&#8221;3.0.82&#8243; header_font=&#8221;|on|||&#8221; use_background_color_gradient=&#8221;on&#8221; background_color_gradient_start=&#8221;#29c4a9&#8243; background_color_gradient_end=&#8221;#2b87da&#8221; custom_margin=&#8221;|||&#8221; custom_padding=&#8221;60px||60px|&#8221;][et_pb_slide heading=&#8221;CONTACTO&#8221; use_bg_overlay=&#8221;off&#8221; use_text_overlay=&#8221;off&#8221; _builder_version=&#8221;3.0.82&#8243; header_font=&#8221;||||&#8221; header_text_align=&#8221;left&#8221; body_font=&#8221;||||&#8221; use_background_color_gradient=&#8221;on&#8221; background_color_gradient_start=&#8221;#000000&#8243; background_color_gradient_end=&#8221;#000000&#8243; text_orientation=&#8221;left&#8221; custom_button=&#8221;off&#8221; button_icon_placement=&#8221;right&#8221; button_on_hover=&#8221;on&#8221; background_color=&#8221;#ffffff&#8221; header_font_size_last_edited=&#8221;on|desktop&#8221; header_font_size_phone=&#8221;36px&#8221;][\/et_pb_slide][\/et_pb_fullwidth_slider][\/et_pb_section][et_pb_section fb_built=&#8221;1&#8243; _builder_version=&#8221;3.0.47&#8243;][et_pb_row _builder_version=&#8221;3.0.47&#8243; background_size=&#8221;initial&#8221; background_position=&#8221;top_left&#8221; background_repeat=&#8221;repeat&#8221; _i=&#8221;0&#8243; _address=&#8221;1.0&#8243;][et_pb_column type=&#8221;4_4&#8243; _builder_version=&#8221;3.0.47&#8243; parallax=&#8221;off&#8221; parallax_method=&#8221;on&#8221;][et_pb_text _builder_version=&#8221;3.0.82&#8243; custom_padding=&#8221;|||125px&#8221; custom_padding_last_edited=&#8221;on|desktop&#8221; custom_padding_phone=&#8221;|10px||25px&#8221;]<\/p>\n<p>Utilice este formulario que se encuentra m\u00e1s abajo para realizar cualquier tipo de consulta.<\/p>\n<p>Si desea hacernos llegar cualquier tipo de documentaci\u00f3n para su publicaci\u00f3n util\u00edcelo tambi\u00e9n.<\/p>\n<p>O bien puede contactar con:<\/p>\n<p><strong>Redacci\u00f3:<\/strong> <a href=\"mailto:redaccion@pdusbook.com\">redaccion@pdusbook.com<\/a><br \/>\n<strong>Editor:<\/strong>\u00a0<a href=\"mailto:fgori@pdusbook.com\">fgori@pdusbook.com<\/a><\/p>\n<p>Por tel\u00e9fono al:<\/p>\n<p>930 003 089<\/p>\n<p>O por correo convencional:<\/p>\n<p>Editorial USBOOK<br \/>\nAv 302, 74<br \/>\n08860 Castelldefels (Barcelona)<\/p>\n<p>[\/et_pb_text][\/et_pb_column][\/et_pb_row][\/et_pb_section][et_pb_section fb_built=&#8221;1&#8243; _builder_version=&#8221;3.0.82&#8243; use_background_color_gradient=&#8221;on&#8221; background_color_gradient_start=&#8221;#d1d1d1&#8243; background_color_gradient_end=&#8221;#dbdbdb&#8221;][et_pb_row _builder_version=&#8221;3.0.47&#8243; background_size=&#8221;initial&#8221; background_position=&#8221;top_left&#8221; background_repeat=&#8221;repeat&#8221; _i=&#8221;0&#8243; _address=&#8221;2.0&#8243;][et_pb_column type=&#8221;1_4&#8243; _builder_version=&#8221;3.0.47&#8243; parallax=&#8221;off&#8221; parallax_method=&#8221;on&#8221;][\/et_pb_column][et_pb_column type=&#8221;1_2&#8243; _builder_version=&#8221;3.0.47&#8243; parallax=&#8221;off&#8221; parallax_method=&#8221;on&#8221;][et_pb_contact_form email=&#8221;rrovira@monmedieval.cat&#8221; title=&#8221;Realice cualquier consulta&#8221; _builder_version=&#8221;3.0.82&#8243; custom_button=&#8221;on&#8221; button_text_color=&#8221;#ffffff&#8221; button_bg_use_color_gradient=&#8221;on&#8221; button_bg_color_gradient_start=&#8221;#000000&#8243; button_bg_color_gradient_end=&#8221;#000000&#8243; button_border_width=&#8221;0&#8243; button_border_color=&#8221;rgba(0,0,0,0)&#8221; button_icon=&#8221;%%36%%&#8221; box_shadow_style_button=&#8221;preset3&#8243; module_id=&#8221;et_pb_contact_form_0&#8243;][et_pb_contact_field field_id=&#8221;Name&#8221; field_title=&#8221;Nombre&#8221; _builder_version=&#8221;3.0.82&#8243; form_field_font=&#8221;||||&#8221; use_border_color=&#8221;off&#8221;][\/et_pb_contact_field][et_pb_contact_field field_id=&#8221;Email&#8221; field_title=&#8221;Direcci\u00f3n de correo electr\u00f3nico&#8221; field_type=&#8221;email&#8221; _builder_version=&#8221;3.0.82&#8243;][\/et_pb_contact_field][et_pb_contact_field field_id=&#8221;Message&#8221; field_title=&#8221;Mensaje&#8221; field_type=&#8221;text&#8221; fullwidth_field=&#8221;on&#8221; _builder_version=&#8221;3.0.82&#8243;][\/et_pb_contact_field][\/et_pb_contact_form][\/et_pb_column][et_pb_column type=&#8221;1_4&#8243; _builder_version=&#8221;3.0.47&#8243; parallax=&#8221;off&#8221; parallax_method=&#8221;on&#8221;][\/et_pb_column][\/et_pb_row][\/et_pb_section]<\/p>\n","protected":false},"excerpt":{"rendered":"<p>[et_pb_section fb_built=&#8221;1&#8243; fullwidth=&#8221;on&#8221; _builder_version=&#8221;3.0.47&#8243;][et_pb_fullwidth_slider _builder_version=&#8221;3.0.82&#8243; header_font=&#8221;|on|||&#8221; use_background_color_gradient=&#8221;on&#8221; background_color_gradient_start=&#8221;#29c4a9&#8243; background_color_gradient_end=&#8221;#2b87da&#8221; custom_margin=&#8221;|||&#8221; custom_padding=&#8221;60px||60px|&#8221;][et_pb_slide heading=&#8221;CONTACTO&#8221; use_bg_overlay=&#8221;off&#8221; use_text_overlay=&#8221;off&#8221; _builder_version=&#8221;3.0.82&#8243; header_font=&#8221;||||&#8221; header_text_align=&#8221;left&#8221; body_font=&#8221;||||&#8221; use_background_color_gradient=&#8221;on&#8221; background_color_gradient_start=&#8221;#000000&#8243; background_color_gradient_end=&#8221;#000000&#8243; text_orientation=&#8221;left&#8221; custom_button=&#8221;off&#8221; button_icon_placement=&#8221;right&#8221; button_on_hover=&#8221;on&#8221; background_color=&#8221;#ffffff&#8221; header_font_size_last_edited=&#8221;on|desktop&#8221; header_font_size_phone=&#8221;36px&#8221;][\/et_pb_slide][\/et_pb_fullwidth_slider][\/et_pb_section][et_pb_section fb_built=&#8221;1&#8243; _builder_version=&#8221;3.0.47&#8243;][et_pb_row _builder_version=&#8221;3.0.47&#8243; background_size=&#8221;initial&#8221; background_position=&#8221;top_left&#8221; background_repeat=&#8221;repeat&#8221; _i=&#8221;0&#8243; _address=&#8221;1.0&#8243;][et_pb_column type=&#8221;4_4&#8243; _builder_version=&#8221;3.0.47&#8243; parallax=&#8221;off&#8221; parallax_method=&#8221;on&#8221;][et_pb_text _builder_version=&#8221;3.0.82&#8243; custom_padding=&#8221;|||125px&#8221; custom_padding_last_edited=&#8221;on|desktop&#8221; custom_padding_phone=&#8221;|10px||25px&#8221;] Utilice este formulario que se encuentra m\u00e1s abajo para realizar cualquier [&hellip;]<\/p>\n","protected":false},"author":2,"featured_media":0,"parent":0,"menu_order":0,"comment_status":"closed","ping_status":"closed","template":"","meta":[],"_links":{"self":[{"href":"https:\/\/pdusbook.com\/index.php?rest_route=\/wp\/v2\/pages\/253"}],"collection":[{"href":"https:\/\/pdusbook.com\/index.php?rest_route=\/wp\/v2\/pages"}],"about":[{"href":"https:\/\/pdusbook.com\/index.php?rest_route=\/wp\/v2\/types\/page"}],"author":[{"embeddable":true,"href":"https:\/\/pdusbook.com\/index.php?rest_route=\/wp\/v2\/users\/2"}],"replies":[{"embeddable":true,"href":"https:\/\/pdusbook.com\/index.php?rest_route=%2Fwp%2Fv2%2Fcomments&post=253"}],"version-history":[{"count":11,"href":"https:\/\/pdusbook.com\/index.php?rest_route=\/wp\/v2\/pages\/253\/revisions"}],"predecessor-version":[{"id":371,"href":"https:\/\/pdusbook.com\/index.php?rest_route=\/wp\/v2\/pages\/253\/revisions\/371"}],"wp:attachment":[{"href":"https:\/\/pdusbook.com\/index.php?rest_route=%2Fwp%2Fv2%2Fmedia&parent=253"}],"curies":[{"name":"wp","href":"https:\/\/api.w.org\/{rel}","templated":true}]}}