{"id":304,"date":"2016-05-31T10:07:16","date_gmt":"2016-05-31T10:07:16","guid":{"rendered":"https:\/\/pdusbook.com\/?post_type=product&#038;p=304"},"modified":"2019-05-31T10:11:23","modified_gmt":"2019-05-31T10:11:23","slug":"el-manuscrito-del-cid","status":"publish","type":"product","link":"https:\/\/pdusbook.com\/?product=el-manuscrito-del-cid","title":{"rendered":"EL MANUSCRITO DEL CID"},"content":{"rendered":"<p>EL MANUSCRITO DEL CID<br \/>\nAutor: Fernando Rubio Mil\u00e1<br \/>\nFormato: 15 x 21<br \/>\n248 p\u00e1gs.<br \/>\nEncuadernaci\u00f3n: R\u00fastica<br \/>\nIdioma: Castellano<br \/>\nISBN: 978-84-945039-2-4<br \/>\nPrecio: 14,95 \u20ac<br \/>\nMateria: Novela hist\u00f3rica<\/p>\n<p><strong><span style=\"color: #ff0000;\">Agotado<\/span><\/strong><\/p>\n","protected":false},"excerpt":{"rendered":"<p>EL MANUSCRITO DEL CID Autor: Fernando Rubio Mil\u00e1 Formato: 15 x 21 248 p\u00e1gs. Encuadernaci\u00f3n: R\u00fastica Idioma: Castellano ISBN: 978-84-945039-2-4 Precio: 14,95 \u20ac Materia: Novela hist\u00f3rica Agotado<\/p>\n","protected":false},"featured_media":305,"template":"","meta":[],"_links":{"self":[{"href":"https:\/\/pdusbook.com\/index.php?rest_route=\/wp\/v2\/product\/304"}],"collection":[{"href":"https:\/\/pdusbook.com\/index.php?rest_route=\/wp\/v2\/product"}],"about":[{"href":"https:\/\/pdusbook.com\/index.php?rest_route=\/wp\/v2\/types\/product"}],"wp:featuredmedia":[{"embeddable":true,"href":"https:\/\/pdusbook.com\/index.php?rest_route=\/wp\/v2\/media\/305"}],"wp:attachment":[{"href":"https:\/\/pdusbook.com\/index.php?rest_route=%2Fwp%2Fv2%2Fmedia&parent=304"}],"curies":[{"name":"wp","href":"https:\/\/api.w.org\/{rel}","templated":true}]}}