{"id":324,"date":"2012-09-04T09:53:44","date_gmt":"2012-09-04T09:53:44","guid":{"rendered":"https:\/\/pdusbook.com\/?post_type=product&#038;p=324"},"modified":"2019-06-04T09:59:07","modified_gmt":"2019-06-04T09:59:07","slug":"english-is-fun-when-its-sung","status":"publish","type":"product","link":"https:\/\/pdusbook.com\/?product=english-is-fun-when-its-sung","title":{"rendered":"ENGLISH IS FUN WHEN IT&#8217;S SUNG!"},"content":{"rendered":"<p><strong>English is fun when it\u00b4s sung!<\/strong> es un libro para aprender ingl\u00e9s, dirigido a ni\u00f1os en edad pre-escolar acompa\u00f1ado por\u00a0 fichas con ideas para juegos y actividades,adecuado para ni\u00f1o\/as de 4 y 5 a\u00f1os. <strong>English is fun when it\u00b4s sung!<\/strong> puede ser utilizado para el trabajo escolar, como material complementario o \u00a1en casa! Los padres que deseen familiarizar a sus hijos con el ingl\u00e9s, encontrar\u00e1n en las canciones un beneficioso y enriquecedor primer contacto con la lengua inglesa.<\/p>\n<p><strong>English is fun when it\u2019s sung!<\/strong><br \/>\nAutores: Emilia Lang, Julie Langstaff, Sue Correa<br \/>\nFormato: 21 x 25 cm,<br \/>\n132 p\u00e1gs.<br \/>\nCD ( canciones)<br \/>\nEncuadernaci\u00f3n: R\u00fastica<br \/>\nIdioma: Castellano \/ Ingl\u00e9s<br \/>\nISBN: 978-84-940134-3-0<br \/>\nPrecio: 18,00 \u20ac<\/p>\n<p><strong><span style=\"color: #ff0000;\">Agotado<\/span><\/strong><\/p>\n","protected":false},"excerpt":{"rendered":"<p>English is fun when it\u00b4s sung! es un libro para aprender ingl\u00e9s, dirigido a ni\u00f1os en edad pre-escolar acompa\u00f1ado por\u00a0 fichas con ideas para juegos y actividades,adecuado para ni\u00f1o\/as de 4 y 5 a\u00f1os. English is fun when it\u00b4s sung! puede ser utilizado para el trabajo escolar, como material complementario o \u00a1en casa! Los padres [&hellip;]<\/p>\n","protected":false},"featured_media":325,"template":"","meta":[],"_links":{"self":[{"href":"https:\/\/pdusbook.com\/index.php?rest_route=\/wp\/v2\/product\/324"}],"collection":[{"href":"https:\/\/pdusbook.com\/index.php?rest_route=\/wp\/v2\/product"}],"about":[{"href":"https:\/\/pdusbook.com\/index.php?rest_route=\/wp\/v2\/types\/product"}],"wp:featuredmedia":[{"embeddable":true,"href":"https:\/\/pdusbook.com\/index.php?rest_route=\/wp\/v2\/media\/325"}],"wp:attachment":[{"href":"https:\/\/pdusbook.com\/index.php?rest_route=%2Fwp%2Fv2%2Fmedia&parent=324"}],"curies":[{"name":"wp","href":"https:\/\/api.w.org\/{rel}","templated":true}]}}