{"id":328,"date":"2016-06-04T10:13:26","date_gmt":"2016-06-04T10:13:26","guid":{"rendered":"https:\/\/pdusbook.com\/?post_type=product&#038;p=328"},"modified":"2019-06-04T10:17:53","modified_gmt":"2019-06-04T10:17:53","slug":"y-siempre-tu","status":"publish","type":"product","link":"https:\/\/pdusbook.com\/?product=y-siempre-tu","title":{"rendered":"Y SIEMPRE T\u00da"},"content":{"rendered":"<p>Y SIEMPRE T\u00da<\/p>\n<p>Han transcurrido m\u00e1s de veinte a\u00f1os desde que Evelyn Ross abandonara el rancho Paradise, en Whitefish (Montana), para ir a la universidad. All\u00ed, entre libros, conoci\u00f3 a un buen chico y se cas\u00f3 con \u00e9l.<br \/>\nTras vivir una serie de sucesos inesperados, decide regresar a casa, el \u00fanico lugar donde estar\u00e1 a salvo del pasado que la atormenta.<br \/>\nNo solo el reencuentro con su t\u00eda Judith conseguir\u00e1 que olvide su dolor; en el rancho, Evelyn volver\u00e1 a ser la ni\u00f1a de trenzas rojizas que montaba a caballo y escrib\u00eda historias en su diario. Adem\u00e1s, encontrar\u00e1 algo que cre\u00eda perdido: la felicidad. Tener cerca a Adam Green, activar\u00e1 de nuevo su coraz\u00f3n roto.<\/p>\n<p>\u00bfPodr\u00e1 Eve olvidar todo lo ocurrido y sanar sus heridas?<\/p>\n<p><strong>Y SIEMPRE T\u00da<\/strong><br \/>\nAutora: Laura Morales<br \/>\nFormato: 14,5 x 20,8<br \/>\n204 p\u00e1gs.<br \/>\nEncuadernaci\u00f3n: R\u00fastica<br \/>\nIdioma: Castellano<br \/>\nISBN: 978-84-945039-4-8<br \/>\nPrecio: 11,95 \u20ac<br \/>\nIBIC: FR<br \/>\nMateria: Novela rom\u00e1ntica<\/p>\n<p><span style=\"color: #ff0000;\"><strong>Agotado<\/strong><\/span><\/p>\n","protected":false},"excerpt":{"rendered":"<p>Y SIEMPRE T\u00da Han transcurrido m\u00e1s de veinte a\u00f1os desde que Evelyn Ross abandonara el rancho Paradise, en Whitefish (Montana), para ir a la universidad. All\u00ed, entre libros, conoci\u00f3 a un buen chico y se cas\u00f3 con \u00e9l. Tras vivir una serie de sucesos inesperados, decide regresar a casa, el \u00fanico lugar donde estar\u00e1 a [&hellip;]<\/p>\n","protected":false},"featured_media":329,"template":"","meta":[],"_links":{"self":[{"href":"https:\/\/pdusbook.com\/index.php?rest_route=\/wp\/v2\/product\/328"}],"collection":[{"href":"https:\/\/pdusbook.com\/index.php?rest_route=\/wp\/v2\/product"}],"about":[{"href":"https:\/\/pdusbook.com\/index.php?rest_route=\/wp\/v2\/types\/product"}],"wp:featuredmedia":[{"embeddable":true,"href":"https:\/\/pdusbook.com\/index.php?rest_route=\/wp\/v2\/media\/329"}],"wp:attachment":[{"href":"https:\/\/pdusbook.com\/index.php?rest_route=%2Fwp%2Fv2%2Fmedia&parent=328"}],"curies":[{"name":"wp","href":"https:\/\/api.w.org\/{rel}","templated":true}]}}