{"id":337,"date":"2019-09-02T09:30:55","date_gmt":"2019-09-02T09:30:55","guid":{"rendered":"https:\/\/pdusbook.com\/?post_type=product&#038;p=337"},"modified":"2021-03-29T11:55:53","modified_gmt":"2021-03-29T11:55:53","slug":"catalunya-i-democracia-el-remei-republica","status":"publish","type":"product","link":"https:\/\/pdusbook.com\/?product=catalunya-i-democracia-el-remei-republica","title":{"rendered":"Catalunya i Democr\u00e0cia, El Remei Republic\u00e0"},"content":{"rendered":"<p><strong>Catalunya i Democr\u00e0cia, El Remei Republic\u00e0<\/strong><\/p>\n<p>Aquest llibre \u00e9s un recull de treballs i estudis publicats el 2019 a El Punt Avui, l\u2019Opiniosocialdemocrata.cat i el republic\u00e0.cat que constitueixen un examen objectiu de la situaci\u00f3 de les relacions Catalunya Espanya i una visi\u00f3 cr\u00edtica de les mateixes, com tamb\u00e9 de l\u2019actuaci\u00f3 dissuasiva i jur\u00eddicament discutible de \u2018Estat espanyol.<br \/>\nEl fet rellevant de la manca de di\u00e0leg pol\u00edtic per resoldre les difer\u00e8ncies entre Catalunya i Espanya i donar sortida a les aspiracions catalanes \u00e9s la negaci\u00f3 de la realitat hist\u00f2rica de Catalunya com minoria nacional titular leg\u00edtima de drets establerts pel Consell d\u2019Europa i les Nacions Unides a la seva exist\u00e8ncia i lliure desenvolupament.<br \/>\nLa publicaci\u00f3 d\u2019aquest llibre coincideix amb l\u2019anunci per part del socialisme unionista de la seva negativa a recon\u00e8ixer el dret de Catalunya a l\u2019autodeterminaci\u00f3, el fet de votar el poble de Catalunya per resoldre el conflicte. Aquesta posici\u00f3 pol\u00edtica en ple 2019 demostra que la Constituci\u00f3 de 1978 que parlava de nacionalitats hist\u00f2riques fou un frau.<br \/>\nDues nacions, la castellana i la catalana s\u2019han trobat a la hist\u00f2ria i han mantingut bones relacions de ve\u00efnatge. El segle XX ha perm\u00e8s demostrar que un nacionalisme castell\u00e0 supremacista ha volgut imposar-se i destruir la cultura de la f\u00e8rtil i industriosa Catalunya.<br \/>\nVivim moments d\u2019indignaci\u00f3 i de resili\u00e8ncia davant l\u2019actitud de l\u2019Estat, el negacionisme continuat i la repressi\u00f3 dels dirigents pol\u00edtics catalans empresonats i nombrosos c\u00e0rrecs p\u00fabics per donar compliment al mandat del poble catal\u00e0 expressat a les urnes 1 d\u2019octubre de 2017.<br \/>\nAquest llibre aclareix i posa de relleu que Catalunya t\u00e9 reconeguts al Consell d\u2019Europa Europa i a les Nacions Unides uns leg\u00edtims drets al respecte i toler\u00e0ncia dels seus drets ling\u00fc\u00edstics i culturals, a m\u00e9s del dret a l\u2019autodeterminaci\u00f3 com obligaci\u00f3 inexcusable de l\u2019Estat espanyol, contra el que no \u00e9s admissible l\u2019excusa de dir que la Constituci\u00f3 no ho admet.<\/p>\n<p><strong>Catalunya i Democr\u00e0cia, El Remei Republic\u00e0<\/strong><br \/>\n<strong>Autor: Pau Miserachs<\/strong><br \/>\n<strong>Format: 15 x 21 cm<\/strong><br \/>\n<strong>310 p\u00e1gs.<\/strong><br \/>\n<strong>Encuadernaci\u00f3: R\u00fastica <\/strong><br \/>\n<strong>Idioma: Catal\u00e0<\/strong><br \/>\n<strong>ISBN: 978-84-120172-5-0<\/strong><br \/>\n<strong>Preu: 20,00 \u20ac <\/strong><br \/>\n<strong>Periodisme \/ Pol\u00edtica<\/strong><\/p>\n","protected":false},"excerpt":{"rendered":"<p>Catalunya i Democr\u00e0cia, El Remei Republic\u00e0 Aquest llibre \u00e9s un recull de treballs i estudis publicats el 2019 a El Punt Avui, l\u2019Opiniosocialdemocrata.cat i el republic\u00e0.cat que constitueixen un examen objectiu de la situaci\u00f3 de les relacions Catalunya Espanya i una visi\u00f3 cr\u00edtica de les mateixes, com tamb\u00e9 de l\u2019actuaci\u00f3 dissuasiva i jur\u00eddicament discutible de [&hellip;]<\/p>\n","protected":false},"featured_media":353,"template":"","meta":[],"_links":{"self":[{"href":"https:\/\/pdusbook.com\/index.php?rest_route=\/wp\/v2\/product\/337"}],"collection":[{"href":"https:\/\/pdusbook.com\/index.php?rest_route=\/wp\/v2\/product"}],"about":[{"href":"https:\/\/pdusbook.com\/index.php?rest_route=\/wp\/v2\/types\/product"}],"wp:featuredmedia":[{"embeddable":true,"href":"https:\/\/pdusbook.com\/index.php?rest_route=\/wp\/v2\/media\/353"}],"wp:attachment":[{"href":"https:\/\/pdusbook.com\/index.php?rest_route=%2Fwp%2Fv2%2Fmedia&parent=337"}],"curies":[{"name":"wp","href":"https:\/\/api.w.org\/{rel}","templated":true}]}}