{"id":341,"date":"2020-01-27T16:28:28","date_gmt":"2020-01-27T16:28:28","guid":{"rendered":"https:\/\/pdusbook.com\/?post_type=product&#038;p=341"},"modified":"2021-03-29T11:57:46","modified_gmt":"2021-03-29T11:57:46","slug":"el-debat-inacabat-fins-que-parlin-les-urnes","status":"publish","type":"product","link":"https:\/\/pdusbook.com\/?product=el-debat-inacabat-fins-que-parlin-les-urnes","title":{"rendered":"El debat inacabat. Fins que parlin les urnes"},"content":{"rendered":"<p><span style=\"color: #ff0000;\"><strong>El debat inacabat<br \/>\nFins que parlin les urnes<\/strong><\/span><\/p>\n<p>Aquest llibre recull les reflexions de l\u2019autor sobre el que ell anomena el debat inacabat, fent una an\u00e0lisi de la evoluci\u00f3 regressiva de la pol\u00edtica espanyola i de les dificultats del poble catal\u00e0 constitu\u00eft en minoria nacional, per posar en marxa la Catalunya republicana i pol\u00edtiques de desenvolupament econ\u00f2mic i de progr\u00e9s social.<br \/>\nL\u2019alternativa catalana \u00e9s considerada un deliri per un Estat convertit en autoritari, que es nega a recon\u00e8ixer el dret a l\u2019autodeterminaci\u00f3 de les minories nacionals i no admet que existeixen drets m\u00e9s enll\u00e0 de la Constituci\u00f3 de 1978 que tampoc es proposa modificar per reconciliar la societat.<br \/>\nAquest llibre \u00e9s tamb\u00e9 una defensa de la democr\u00e0cia en tots els seus aspectes i variants, donant prefer\u00e8ncia a escoltar la opini\u00f3 del poble i superar les pol\u00edtiques decadents. L\u2019autor reclama completar la democr\u00e0cia representativa amb noves vies de participaci\u00f3 social i la lluita contra les desigualtats socials.<br \/>\nRespectar la dignitat del poble catal\u00e0, a m\u00e9s dels components nacionals de llengua i cultura, s\u00f3n fets essencials per comen\u00e7ar a resoldre el conflicte i superar el sentiment d\u2019indignaci\u00f3 per la repressi\u00f3 actual de l\u2019Estat espanyol i l\u2019exist\u00e8ncia de presos pol\u00edtics.<\/p>\n<p><span style=\"color: #ff0000;\"><strong>El debat inacabat. Fins que parlin les urnes<\/strong><\/span><br \/>\n<strong>Autor<\/strong>: Pau Miserachs<br \/>\n<strong>Format<\/strong>: 15 x 21 cm<br \/>\n446 p\u00e1gs.<br \/>\n<strong>Encuadernaci\u00f3<\/strong>: R\u00fastica<br \/>\n<strong>Idioma<\/strong>: Catal\u00e0<br \/>\n<strong>ISBN<\/strong>: 978-84-120172-9-8<br \/>\n<strong>Preu<\/strong>: 22,00 \u20ac<br \/>\nPeriodisme \/ Pol\u00edtica<\/p>\n","protected":false},"excerpt":{"rendered":"<p>El debat inacabat Fins que parlin les urnes Aquest llibre recull les reflexions de l\u2019autor sobre el que ell anomena el debat inacabat, fent una an\u00e0lisi de la evoluci\u00f3 regressiva de la pol\u00edtica espanyola i de les dificultats del poble catal\u00e0 constitu\u00eft en minoria nacional, per posar en marxa la Catalunya republicana i pol\u00edtiques de [&hellip;]<\/p>\n","protected":false},"featured_media":355,"template":"","meta":[],"_links":{"self":[{"href":"https:\/\/pdusbook.com\/index.php?rest_route=\/wp\/v2\/product\/341"}],"collection":[{"href":"https:\/\/pdusbook.com\/index.php?rest_route=\/wp\/v2\/product"}],"about":[{"href":"https:\/\/pdusbook.com\/index.php?rest_route=\/wp\/v2\/types\/product"}],"wp:featuredmedia":[{"embeddable":true,"href":"https:\/\/pdusbook.com\/index.php?rest_route=\/wp\/v2\/media\/355"}],"wp:attachment":[{"href":"https:\/\/pdusbook.com\/index.php?rest_route=%2Fwp%2Fv2%2Fmedia&parent=341"}],"curies":[{"name":"wp","href":"https:\/\/api.w.org\/{rel}","templated":true}]}}