{"id":344,"date":"2020-07-22T10:07:58","date_gmt":"2020-07-22T10:07:58","guid":{"rendered":"https:\/\/pdusbook.com\/?post_type=product&#038;p=344"},"modified":"2021-03-29T11:56:39","modified_gmt":"2021-03-29T11:56:39","slug":"shirukuni-libro-2-la-leyenda-de-los-tres-brujos","status":"publish","type":"product","link":"https:\/\/pdusbook.com\/?product=shirukuni-libro-2-la-leyenda-de-los-tres-brujos","title":{"rendered":"Shirukuni. LIBRO 2: LA LEYENDA DE LOS TRES BRUJOS"},"content":{"rendered":"<p>Shirukuni. LIBRO 2: LA LEYENDA DE LOS TRES BRUJOS<\/p>\n<p>Los Onryojin han demostrado parte de su poder en Kyuden Iruma, pero Mansai y sus compa\u00f1eros saben que son capaces de m\u00e1s. Los tres emprender\u00e1n un largo viaje y deber\u00e1n de ser r\u00e1pidos, pues de ellos depende que Nara est\u00e9 preparada antes de que la venganza de la siniestra secta caiga sobre la capital.<\/p>\n<p>Por otra parte, Hikari est\u00e1 dispuesta a todo con tal de encontrar a su hermana desaparecida, aunque para ello tenga que enfrentarse a sus mayores temores.<br \/>\nY no estar\u00e1 sola, sino que tendr\u00e1 una compa\u00f1\u00eda inesperada.<\/p>\n<p>Mientras tanto, la guerra que la Gran Casa del Fuego libra contra la Gran Casa de la Tierra no se detiene y los conflictos diplom\u00e1ticos en la capital amenazan con romper la estabilidad del Imperio. Sora no Sanada, el L\u00edder de los Onmyoji, har\u00e1 lo que est\u00e9 en su mano por controlar la situaci\u00f3n, \u00bflograr\u00e1 mantener el equilibrio o las tensiones estallar\u00e1n en sus manos como el polvo de fuego?<\/p>\n<p>Regresa a Shirukuni, descubre nuevos rincones del Imperio y vive una nueva aventura de katana y brujer\u00eda.<\/p>\n<p>Shirukuni. LIBRO 2: LA LEYENDA DE LOS TRES BRUJOS<br \/>\nAutora: M.H.Isern<br \/>\nFormato: 14,5 x 20,8 cm<br \/>\n600 p\u00e1gs.<br \/>\nEncuadernaci\u00f3n: R\u00fastica<br \/>\nIdioma: Castellano<br \/>\nISBN: 978-84-120172-8-1<br \/>\nPrecio: 22,95 \u20ac<br \/>\nIBIC: FM<br \/>\nMateria: Novela Fantas\u00eda<\/p>\n<p>&nbsp;<\/p>\n<p><a href=\"https:\/\/www.amazon.es\/Shirukuni-leyenda-los-tres-brujos\/dp\/8412017285\/ref=sr_1_2?__mk_es_ES=%C3%85M%C3%85%C5%BD%C3%95%C3%91&amp;dchild=1&amp;keywords=Shirukuni&amp;qid=1595412674&amp;sr=8-2\"><img loading=\"lazy\" class=\"alignnone wp-image-284\" src=\"https:\/\/pdusbook.com\/wp-content\/uploads\/2019\/05\/amazon-logo_ES_black-300x145.jpg\" alt=\"\" width=\"187\" height=\"79\" \/><\/a><\/p>\n<p>&nbsp;<\/p>\n<p>&nbsp;<\/p>\n","protected":false},"excerpt":{"rendered":"<p>Shirukuni. LIBRO 2: LA LEYENDA DE LOS TRES BRUJOS Los Onryojin han demostrado parte de su poder en Kyuden Iruma, pero Mansai y sus compa\u00f1eros saben que son capaces de m\u00e1s. Los tres emprender\u00e1n un largo viaje y deber\u00e1n de ser r\u00e1pidos, pues de ellos depende que Nara est\u00e9 preparada antes de que la venganza [&hellip;]<\/p>\n","protected":false},"featured_media":354,"template":"","meta":[],"_links":{"self":[{"href":"https:\/\/pdusbook.com\/index.php?rest_route=\/wp\/v2\/product\/344"}],"collection":[{"href":"https:\/\/pdusbook.com\/index.php?rest_route=\/wp\/v2\/product"}],"about":[{"href":"https:\/\/pdusbook.com\/index.php?rest_route=\/wp\/v2\/types\/product"}],"wp:featuredmedia":[{"embeddable":true,"href":"https:\/\/pdusbook.com\/index.php?rest_route=\/wp\/v2\/media\/354"}],"wp:attachment":[{"href":"https:\/\/pdusbook.com\/index.php?rest_route=%2Fwp%2Fv2%2Fmedia&parent=344"}],"curies":[{"name":"wp","href":"https:\/\/api.w.org\/{rel}","templated":true}]}}