{"id":348,"date":"2020-12-29T11:36:36","date_gmt":"2020-12-29T11:36:36","guid":{"rendered":"https:\/\/pdusbook.com\/?post_type=product&#038;p=348"},"modified":"2021-03-29T11:54:42","modified_gmt":"2021-03-29T11:54:42","slug":"el-debat-inacabat-fins-que-parlin-les-urnes-copia","status":"publish","type":"product","link":"https:\/\/pdusbook.com\/?product=el-debat-inacabat-fins-que-parlin-les-urnes-copia","title":{"rendered":"Sortir del Laberint. Contrapunts al no-di\u00e0leg"},"content":{"rendered":"<p><strong><span style=\"color: #ff0000;\">Sortir del Laberint<\/span><\/strong><br \/>\n<strong><span style=\"color: #ff0000;\">Contrapunts al no-di\u00e0leg<\/span><\/strong><\/p>\n<p>Els ideals pol\u00edtics criden a r\u00e8quiem per la pol\u00edtica espanyola plena de teranyines, una monarquia corrupta, govern sense contracte social i sense aven\u00e7os democratitzadors, reptes de futur que lluiten per trobar model, permanent hostilitat pol\u00edtica, colpisme i desenc\u00eds.<\/p>\n<p>Democr\u00e0cia republicana que \u00e9s precisament el que no vol l\u2019unionisme espanyol que segueix esperonant les dues Espanyes enfrontades, situaci\u00f3 que fa impossible corregir el desgavell espanyol. Aquest llibre assenyala camins possibles.<\/p>\n<p>Catalunya, cam\u00ed de la independ\u00e8ncia, precisa una pol\u00edtica d\u2019unitat nacional sense retic\u00e8ncies per motius electorals. \u00c9s for\u00e7\u00f3s recordar que Catalunya, en paraules de Moss\u00e8n Dalmau, \u00e9s un poble i un territori que hist\u00f2ricament no pertany al Regne d\u2019Espanya. <span class=\"Apple-converted-space\">\u00a0<\/span><\/p>\n<p>Catalunya t\u00e9 la oportunitat de construir noves estrat\u00e8gies en base al principi majoritari democr\u00e0tic per superar l\u2019ambici\u00f3 de dominaci\u00f3 de la cultura i la pol\u00edtica castellana que ha fracassat a Galicia i Euzkalerria. Aquest llibre \u00e9s una aportaci\u00f3 a les reflexions necess\u00e0ries per construir estrat\u00e8gies fiables i s\u00f2lides.<span class=\"Apple-converted-space\">\u00a0<\/span><\/p>\n<p>Una nova transici\u00f3 \u00e9s possible amb la vict\u00f2ria electoral de l\u2019independentisme a les properes eleccions catalanes i acabar amb la pol\u00edtica destructiva dels que viuen del conflicte i la malicia. Queda tamb\u00e9 raonat que \u00e9s el poble catal\u00e0, el mateix que va defensar les urnes l\u20191 d\u2019octubre de 2017 qui t\u00e9 el dret exclusiu a decidir el seu futur pol\u00edtic.<\/p>\n<p>Amb Pr\u00f2leg de Carles Mund\u00f3.<\/p>\n<p><span style=\"color: #ff0000;\"><strong>El debat inacabat. Fins que parlin les urnes<\/strong><\/span><\/p>\n<p><strong>Autor<\/strong>: Pau Miserachs<br \/>\n<strong>Format<\/strong>: 15 x 21 cm<br \/>\n<strong>486<\/strong> p\u00e1gs.<br \/>\n<strong>Encuadernaci\u00f3<\/strong>: R\u00fastica<span class=\"Apple-converted-space\">\u00a0<\/span><br \/>\n<strong>Idioma<\/strong>: Catal\u00e0<br \/>\n<strong>ISBN<\/strong>: 978-84-121453-7-3<br \/>\n<strong>Preu<\/strong>: 23,00 \u20ac<span class=\"Apple-converted-space\">\u00a0<\/span><br \/>\nPeriodisme \/ Pol\u00edtica<\/p>\n","protected":false},"excerpt":{"rendered":"<p>Sortir del Laberint Contrapunts al no-di\u00e0leg Els ideals pol\u00edtics criden a r\u00e8quiem per la pol\u00edtica espanyola plena de teranyines, una monarquia corrupta, govern sense contracte social i sense aven\u00e7os democratitzadors, reptes de futur que lluiten per trobar model, permanent hostilitat pol\u00edtica, colpisme i desenc\u00eds. Democr\u00e0cia republicana que \u00e9s precisament el que no vol l\u2019unionisme espanyol [&hellip;]<\/p>\n","protected":false},"featured_media":352,"template":"","meta":[],"_links":{"self":[{"href":"https:\/\/pdusbook.com\/index.php?rest_route=\/wp\/v2\/product\/348"}],"collection":[{"href":"https:\/\/pdusbook.com\/index.php?rest_route=\/wp\/v2\/product"}],"about":[{"href":"https:\/\/pdusbook.com\/index.php?rest_route=\/wp\/v2\/types\/product"}],"wp:featuredmedia":[{"embeddable":true,"href":"https:\/\/pdusbook.com\/index.php?rest_route=\/wp\/v2\/media\/352"}],"wp:attachment":[{"href":"https:\/\/pdusbook.com\/index.php?rest_route=%2Fwp%2Fv2%2Fmedia&parent=348"}],"curies":[{"name":"wp","href":"https:\/\/api.w.org\/{rel}","templated":true}]}}