{"id":363,"date":"2021-08-28T10:43:18","date_gmt":"2021-08-28T10:43:18","guid":{"rendered":"https:\/\/pdusbook.com\/?post_type=product&#038;p=363"},"modified":"2021-08-30T10:52:01","modified_gmt":"2021-08-30T10:52:01","slug":"ni-republica-ni-democracia","status":"publish","type":"product","link":"https:\/\/pdusbook.com\/?product=ni-republica-ni-democracia","title":{"rendered":"Ni rep\u00fablica, ni democr\u00e0cia (2\u00aa edici\u00f3)"},"content":{"rendered":"<p><span style=\"color: #3366ff;\"><strong>Ni rep\u00fablica, ni democr\u00e0cia<\/strong><\/span><br \/>\n<span style=\"color: #3366ff;\"><strong><i>De la transici\u00f3 a la indignaci\u00f3, cam\u00ed de la independ\u00e8ncia.<\/i><\/strong><\/span><\/p>\n<h3><strong>2\u00aa Edici\u00f3<\/strong><\/h3>\n<p>En aquest llibre recollim una acurada selecci\u00f3 dels seus articles que permeten seguir l\u2019evoluci\u00f3 de la pol\u00edtica espanyola i catalana des de l\u2019any 1976. Dedicat durant 50 anys a l\u2019exercici de l\u2019advocacia i el dret d\u2019autor i a la defensa dels drets de marca des de 1990, ha estat tamb\u00e9 professor de Dret de la Informaci\u00f3 a la Facultat de Comunicaci\u00f3 Blanquerna de la Universitat Ramon Llull i membre del Comit\u00e9 executiu internacional d\u2019ALAI des de 1986 fins 2007, entitat de la que va ser presidenrt del grup espanyol el per\u00edode 2004\/2007, en el que va organitzar un congres internacional a Barcelona sobre la Propietat Intel\u00b7lectual i la Llibertat d\u2019Expressi\u00f3, va ser professor de propietat intel\u00b7lectual i dret de marques del Magister Lucentinus de la Universitat d\u2019Alacant.<\/p>\n<p>Actualment en Pau Miserachs \u00e9s president del Grup d\u2019Estudis pol\u00edtics per a la defensa de la democr\u00e0cia,les llibertats i els drets humans. Tamb\u00e9 ha sigut membre de la Fundaci\u00f3 Josep Pla en el seu per\u00edode fundacional a Palafrugell.<\/p>\n<p>Amb Pr\u00f2leg de Francesc Canosa.<\/p>\n<p>L\u2019estelada de la portada correspon a la creada per Vicen\u00e7 Albert Ballester que exhibia el Centre Catal\u00e0 de l\u2019Havana des del 1919 i que el 1928 va ser proclamada bandera oficial de la Rep\u00fablica Catalana en ocasi\u00f3 de congr\u00e9s separatista que s\u2019hi va celebrar amb assist\u00e8ncia de Francesc Maci\u00e0<\/p>\n<p><strong><span style=\"color: #3366ff;\">Ni rep\u00fablica, ni democr\u00e0cia<\/span><\/strong><br \/>\n<strong><span style=\"color: #3366ff;\">De la transici\u00f3 a la indignaci\u00f3, cam\u00ed de la independ\u00e8ncia.<\/span><\/strong><\/p>\n<p><strong>Autor<\/strong>: Pau Miserachs<br \/>\n<strong>Format<\/strong>: 15 x 21 cm<br \/>\nP\u00e0gines: 705<br \/>\n<strong>Encuadernaci\u00f3<\/strong>: R\u00fastica<br \/>\n<strong>Idioma<\/strong>: Catal\u00e0<br \/>\n<strong>ISBN<\/strong>: 978-84-121453-5-9<br \/>\n<strong>Preu<\/strong>: 25,00 \u20ac<br \/>\nPeriodisme \/ Pol\u00edtica<\/p>\n","protected":false},"excerpt":{"rendered":"<p>Ni rep\u00fablica, ni democr\u00e0cia De la transici\u00f3 a la indignaci\u00f3, cam\u00ed de la independ\u00e8ncia. 2\u00aa Edici\u00f3 En aquest llibre recollim una acurada selecci\u00f3 dels seus articles que permeten seguir l\u2019evoluci\u00f3 de la pol\u00edtica espanyola i catalana des de l\u2019any 1976. Dedicat durant 50 anys a l\u2019exercici de l\u2019advocacia i el dret d\u2019autor i a la [&hellip;]<\/p>\n","protected":false},"featured_media":365,"template":"","meta":[],"_links":{"self":[{"href":"https:\/\/pdusbook.com\/index.php?rest_route=\/wp\/v2\/product\/363"}],"collection":[{"href":"https:\/\/pdusbook.com\/index.php?rest_route=\/wp\/v2\/product"}],"about":[{"href":"https:\/\/pdusbook.com\/index.php?rest_route=\/wp\/v2\/types\/product"}],"wp:featuredmedia":[{"embeddable":true,"href":"https:\/\/pdusbook.com\/index.php?rest_route=\/wp\/v2\/media\/365"}],"wp:attachment":[{"href":"https:\/\/pdusbook.com\/index.php?rest_route=%2Fwp%2Fv2%2Fmedia&parent=363"}],"curies":[{"name":"wp","href":"https:\/\/api.w.org\/{rel}","templated":true}]}}